{"id":665,"date":"2024-03-08T15:31:55","date_gmt":"2024-03-08T21:31:55","guid":{"rendered":"https:\/\/manitocg.com\/24.0.1\/?page_id=665"},"modified":"2025-12-22T00:44:22","modified_gmt":"2025-12-22T06:44:22","slug":"como-lo-hacemos","status":"publish","type":"page","link":"https:\/\/manitocg.com\/index.php\/como-lo-hacemos\/","title":{"rendered":"C\u00d3MO LO HACEMOS"},"content":{"rendered":"\t\t<div data-elementor-type=\"wp-page\" data-elementor-id=\"665\" class=\"elementor elementor-665\" data-elementor-post-type=\"page\">\n\t\t\t\t<div class=\"elementor-element elementor-element-685399d e-flex e-con-boxed e-con e-parent\" data-id=\"685399d\" data-element_type=\"container\" data-settings=\"{&quot;background_background&quot;:&quot;classic&quot;}\">\n\t\t\t\t\t<div class=\"e-con-inner\">\n\t\t\t\t<div class=\"elementor-element elementor-element-f903efb elementor-widget elementor-widget-image\" data-id=\"f903efb\" data-element_type=\"widget\" data-widget_type=\"image.default\">\n\t\t\t\t<div class=\"elementor-widget-container\">\n\t\t\t\t\t\t\t\t\t\t\t\t\t\t\t<img fetchpriority=\"high\" decoding=\"async\" width=\"1024\" height=\"329\" src=\"https:\/\/manitocg.com\/wp-content\/uploads\/2024\/03\/REVOLUCIONAMOS-1-1024x329.webp\" class=\"attachment-large size-large wp-image-934\" alt=\"\" srcset=\"https:\/\/manitocg.com\/wp-content\/uploads\/2024\/03\/REVOLUCIONAMOS-1-1024x329.webp 1024w, https:\/\/manitocg.com\/wp-content\/uploads\/2024\/03\/REVOLUCIONAMOS-1-300x96.webp 300w, https:\/\/manitocg.com\/wp-content\/uploads\/2024\/03\/REVOLUCIONAMOS-1-768x247.webp 768w, https:\/\/manitocg.com\/wp-content\/uploads\/2024\/03\/REVOLUCIONAMOS-1.webp 1048w\" sizes=\"(max-width: 1024px) 100vw, 1024px\" \/>\t\t\t\t\t\t\t\t\t\t\t\t\t\t\t<\/div>\n\t\t\t\t<\/div>\n\t\t\t\t\t<\/div>\n\t\t\t\t<\/div>\n\t\t<div class=\"elementor-element elementor-element-ad32fa6 e-flex e-con-boxed e-con e-parent\" data-id=\"ad32fa6\" data-element_type=\"container\">\n\t\t\t\t\t<div class=\"e-con-inner\">\n\t\t\t\t<div class=\"elementor-element elementor-element-a7abcbc uael-aspect-ratio-16_9 uael-youtube-subscribe-no elementor-widget elementor-widget-uael-video\" data-id=\"a7abcbc\" data-element_type=\"widget\" data-widget_type=\"uael-video.default\">\n\t\t\t\t<div class=\"elementor-widget-container\">\n\t\t\t\t\t\t\t\t\t\t\t<div class=\"uael-video__outer-wrap  uael-video-type-youtube\" data-device=\"false\" data-vsticky=\"no\" data-hidedesktop=\"\" data-hidetablet=\"\" data-hidemobile=\"\" data-vsticky-viewport=\"0\" data-autoplay=\"1\">\n\t\t\t\t\t\t<div class=\"uael-video-inner-wrap\">\n\t\t\t\t<div class=\"uael-video__play\" data-src=\"https:\/\/www.youtube.com\/embed\/n16KFDWw61c?autoplay=1&amp;rel=0&amp;start&amp;end&amp;controls=1&amp;mute=0&amp;modestbranding=0&amp;\">\n\t\t\t\t\t<img decoding=\"async\" class=\"uael-video__thumb\" src=\"https:\/\/i.ytimg.com\/vi\/n16KFDWw61c\/maxresdefault.jpg\" alt=\"\"><\/img>\n\t\t\t\t\t<div class=\"uael-video__play-icon uael-animation-\">\n\t\t\t\t\t\t<svg aria-hidden=\"true\" class=\"e-font-icon-svg e-fa-play-circle\" viewBox=\"0 0 512 512\" xmlns=\"http:\/\/www.w3.org\/2000\/svg\"><path d=\"M256 8C119 8 8 119 8 256s111 248 248 248 248-111 248-248S393 8 256 8zm115.7 272l-176 101c-15.8 8.8-35.7-2.5-35.7-21V152c0-18.4 19.8-29.8 35.7-21l176 107c16.4 9.2 16.4 32.9 0 42z\"><\/path><\/svg>\t\t\t\t\t<\/div>\n\t\t\t\t<\/div>\n\t\t\t\t\t\t\t\t\t\t\t<\/div>\n\t\t<\/div>\n\t\t\t\t\t\t\t<\/div>\n\t\t\t\t<\/div>\n\t\t\t\t\t<\/div>\n\t\t\t\t<\/div>\n\t\t<div class=\"elementor-element elementor-element-671785a e-flex e-con-boxed e-con e-parent\" data-id=\"671785a\" data-element_type=\"container\">\n\t\t\t\t\t<div class=\"e-con-inner\">\n\t\t\t\t<div class=\"elementor-element elementor-element-d38b497 elementor-widget elementor-widget-text-editor\" data-id=\"d38b497\" data-element_type=\"widget\" data-widget_type=\"text-editor.default\">\n\t\t\t\t<div class=\"elementor-widget-container\">\n\t\t\t\t\t\t\t\t\t<div class=\"elementor-element elementor-element-451432b elementor-widget elementor-widget-text-editor is-mac\" data-id=\"451432b\" data-element_type=\"widget\" data-widget_type=\"text-editor.default\"><div class=\"elementor-widget-container\"><p>El mayor\u00a0<strong>DOLOR<\/strong>\u00a0en una organizaci\u00f3n es la\u00a0<em><strong>DESCONEXI\u00d3N<\/strong><\/em>\u00a0que se vive entre personas que colaboran bajo una misma organizaci\u00f3n, son altamente desafiadas a lograr resultados extraordinarios, comparten una misma filosof\u00eda de visi\u00f3n, misi\u00f3n y valores, hacen su mayor esfuerzo por trabajar en modelos virtuales o h\u00edbridos posteriores a la pandemia del virus del\u00a0<strong>SARS COVID \u2013 19<\/strong>\u00a0y muy pocos l\u00edderes se detienen a preguntarse si la persona o equipos sufren o no de desconexi\u00f3n.<\/p><\/div><\/div><div class=\"elementor-element elementor-element-0969bf9 elementor-widget elementor-widget-text-editor is-mac\" data-id=\"0969bf9\" data-element_type=\"widget\" data-widget_type=\"text-editor.default\"><div class=\"elementor-widget-container\"><p>Nuestra misi\u00f3n es\u00a0<strong>REVOLUCIONAR<\/strong>\u00a0(\u201cdarle la vuelta\u201d) al estado normal de \u201cdesconexi\u00f3n\u201d humana o colectiva de una organizaci\u00f3n, para buscar un estado\u00a0<em><strong>ANORMAL<\/strong><\/em>\u00a0de conexi\u00f3n mental y espiritual que les haga\u00a0<strong>CONSCIENTES<\/strong>\u00a0de vivir cada d\u00eda de sus vidas con un\u00a0<strong>PROP\u00d3SITO<\/strong> m\u00e1s grande que cumplir su jornada laboral\u00a0<strong>Y HACER VIVA LA CULTURA ORGANIZACIONAL<\/strong>\u00a0en el d\u00eda a d\u00eda de cada colaborador o equipo.<\/p><\/div><\/div>\t\t\t\t\t\t\t\t<\/div>\n\t\t\t\t<\/div>\n\t\t\t\t<div class=\"elementor-element elementor-element-fd74f73 elementor-widget elementor-widget-tp-video-player\" data-id=\"fd74f73\" data-element_type=\"widget\" data-widget_type=\"tp-video-player.default\">\n\t\t\t\t<div class=\"elementor-widget-container\">\n\t\t\t\t\t<div class=\"pt_plus_video-box-shadow video_player69e4922a5f50a \"    ><div class=\"pt_plus_video_player   text-\"><div class=\"ts-video-wrapper ts-type-self-hosted\"><video width=\"100%\"  autoplay loop  controls > <source src=\"https:\/\/manitocg.com\/wp-content\/uploads\/2024\/03\/Estrategias-MCG.mp4\" type=\"video\/mp4\" ><\/video><\/div><\/div><\/div>\t\t\t\t<\/div>\n\t\t\t\t<\/div>\n\t\t\t\t\t<\/div>\n\t\t\t\t<\/div>\n\t\t\t\t<section class=\"elementor-section elementor-top-section elementor-element elementor-element-3liz4a2 elementor-section-boxed elementor-section-height-default elementor-section-height-default\" data-id=\"3liz4a2\" data-element_type=\"section\" data-settings=\"{&quot;background_background&quot;:&quot;classic&quot;,&quot;shape_divider_top&quot;:&quot;tilt&quot;,&quot;shape_divider_bottom&quot;:&quot;tilt&quot;}\">\n\t\t\t\t\t\t\t<div class=\"elementor-background-overlay\"><\/div>\n\t\t\t\t\t\t<div class=\"elementor-shape elementor-shape-top\" aria-hidden=\"true\" data-negative=\"false\">\n\t\t\t<svg xmlns=\"http:\/\/www.w3.org\/2000\/svg\" viewBox=\"0 0 1000 100\" preserveAspectRatio=\"none\">\n\t<path class=\"elementor-shape-fill\" d=\"M0,6V0h1000v100L0,6z\"\/>\n<\/svg>\t\t<\/div>\n\t\t\t\t<div class=\"elementor-shape elementor-shape-bottom\" aria-hidden=\"true\" data-negative=\"false\">\n\t\t\t<svg xmlns=\"http:\/\/www.w3.org\/2000\/svg\" viewBox=\"0 0 1000 100\" preserveAspectRatio=\"none\">\n\t<path class=\"elementor-shape-fill\" d=\"M0,6V0h1000v100L0,6z\"\/>\n<\/svg>\t\t<\/div>\n\t\t\t\t\t<div class=\"elementor-container elementor-column-gap-no\">\n\t\t\t\t\t<div class=\"elementor-column elementor-col-100 elementor-top-column elementor-element elementor-element-5f1bcda\" data-id=\"5f1bcda\" data-element_type=\"column\">\n\t\t\t<div class=\"elementor-widget-wrap elementor-element-populated\">\n\t\t\t\t\t\t<section class=\"elementor-section elementor-inner-section elementor-element elementor-element-931a185 elementor-section-content-middle elementor-section-boxed elementor-section-height-default elementor-section-height-default\" data-id=\"931a185\" data-element_type=\"section\">\n\t\t\t\t\t\t<div class=\"elementor-container elementor-column-gap-no\">\n\t\t\t\t\t<div class=\"elementor-column elementor-col-50 elementor-inner-column elementor-element elementor-element-50ea5d0\" data-id=\"50ea5d0\" data-element_type=\"column\">\n\t\t\t<div class=\"elementor-widget-wrap elementor-element-populated\">\n\t\t\t\t\t\t<div class=\"elementor-element elementor-element-565c2c5 elementor-widget elementor-widget-image\" data-id=\"565c2c5\" data-element_type=\"widget\" data-widget_type=\"image.default\">\n\t\t\t\t<div class=\"elementor-widget-container\">\n\t\t\t\t\t\t\t\t\t\t\t\t\t\t\t<img decoding=\"async\" width=\"2560\" height=\"1707\" src=\"https:\/\/manitocg.com\/wp-content\/uploads\/2024\/03\/Conferencia-Masivas-scaled-1.webp\" class=\"attachment-full size-full wp-image-935\" alt=\"\" srcset=\"https:\/\/manitocg.com\/wp-content\/uploads\/2024\/03\/Conferencia-Masivas-scaled-1.webp 2560w, https:\/\/manitocg.com\/wp-content\/uploads\/2024\/03\/Conferencia-Masivas-scaled-1-300x200.webp 300w, https:\/\/manitocg.com\/wp-content\/uploads\/2024\/03\/Conferencia-Masivas-scaled-1-1024x683.webp 1024w, https:\/\/manitocg.com\/wp-content\/uploads\/2024\/03\/Conferencia-Masivas-scaled-1-768x512.webp 768w, https:\/\/manitocg.com\/wp-content\/uploads\/2024\/03\/Conferencia-Masivas-scaled-1-1536x1024.webp 1536w, https:\/\/manitocg.com\/wp-content\/uploads\/2024\/03\/Conferencia-Masivas-scaled-1-2048x1366.webp 2048w\" sizes=\"(max-width: 2560px) 100vw, 2560px\" \/>\t\t\t\t\t\t\t\t\t\t\t\t\t\t\t<\/div>\n\t\t\t\t<\/div>\n\t\t\t\t\t<\/div>\n\t\t<\/div>\n\t\t\t\t<div class=\"elementor-column elementor-col-50 elementor-inner-column elementor-element elementor-element-398901b\" data-id=\"398901b\" data-element_type=\"column\">\n\t\t\t<div class=\"elementor-widget-wrap elementor-element-populated\">\n\t\t\t\t\t\t<div class=\"elementor-element elementor-element-874c5c0 elementor-widget elementor-widget-heading\" data-id=\"874c5c0\" data-element_type=\"widget\" data-widget_type=\"heading.default\">\n\t\t\t\t<div class=\"elementor-widget-container\">\n\t\t\t\t\t<h6 class=\"elementor-heading-title elementor-size-default\">Estrategia 1.<\/h6>\t\t\t\t<\/div>\n\t\t\t\t<\/div>\n\t\t\t\t<div class=\"elementor-element elementor-element-6d2a9e1 elementor-widget elementor-widget-heading\" data-id=\"6d2a9e1\" data-element_type=\"widget\" data-widget_type=\"heading.default\">\n\t\t\t\t<div class=\"elementor-widget-container\">\n\t\t\t\t\t<h3 class=\"elementor-heading-title elementor-size-default\">CONFERENCIAS MASIVAS PRESENCIALES<\/h3>\t\t\t\t<\/div>\n\t\t\t\t<\/div>\n\t\t\t\t<div class=\"elementor-element elementor-element-89b600d elementor-widget elementor-widget-text-editor\" data-id=\"89b600d\" data-element_type=\"widget\" data-widget_type=\"text-editor.default\">\n\t\t\t\t<div class=\"elementor-widget-container\">\n\t\t\t\t\t\t\t\t\t<p>Creamos el concepto de <strong>EXPERIENCIAS<\/strong> en donde el p\u00fablico participa, vive y experimenta un aprendizaje para su vida y a la medida de la necesidad organizacional.<\/p>\t\t\t\t\t\t\t\t<\/div>\n\t\t\t\t<\/div>\n\t\t\t\t\t<\/div>\n\t\t<\/div>\n\t\t\t\t\t<\/div>\n\t\t<\/section>\n\t\t\t\t<section class=\"elementor-section elementor-inner-section elementor-element elementor-element-f4927da elementor-section-content-middle elementor-reverse-mobile elementor-section-boxed elementor-section-height-default elementor-section-height-default\" data-id=\"f4927da\" data-element_type=\"section\">\n\t\t\t\t\t\t<div class=\"elementor-container elementor-column-gap-no\">\n\t\t\t\t\t<div class=\"elementor-column elementor-col-50 elementor-inner-column elementor-element elementor-element-9629cc2\" data-id=\"9629cc2\" data-element_type=\"column\">\n\t\t\t<div class=\"elementor-widget-wrap elementor-element-populated\">\n\t\t\t\t\t\t<div class=\"elementor-element elementor-element-aee9682 elementor-widget elementor-widget-heading\" data-id=\"aee9682\" data-element_type=\"widget\" data-widget_type=\"heading.default\">\n\t\t\t\t<div class=\"elementor-widget-container\">\n\t\t\t\t\t<h6 class=\"elementor-heading-title elementor-size-default\">Estrategia 2.<\/h6>\t\t\t\t<\/div>\n\t\t\t\t<\/div>\n\t\t\t\t<div class=\"elementor-element elementor-element-87dfef7 elementor-widget elementor-widget-heading\" data-id=\"87dfef7\" data-element_type=\"widget\" data-widget_type=\"heading.default\">\n\t\t\t\t<div class=\"elementor-widget-container\">\n\t\t\t\t\t<h3 class=\"elementor-heading-title elementor-size-default\">SHERPA PROJECT PARA EQUIPOS DIRECTIVOS<\/h3>\t\t\t\t<\/div>\n\t\t\t\t<\/div>\n\t\t\t\t<div class=\"elementor-element elementor-element-fe7e13a elementor-widget elementor-widget-text-editor\" data-id=\"fe7e13a\" data-element_type=\"widget\" data-widget_type=\"text-editor.default\">\n\t\t\t\t<div class=\"elementor-widget-container\">\n\t\t\t\t\t\t\t\t\t<p>Reuniones mensuales con equipo clave, orientadas a construir una nueva identidad en la personal o en el equipo mientras avanzan hacia la meta buscada.<\/p>\t\t\t\t\t\t\t\t<\/div>\n\t\t\t\t<\/div>\n\t\t\t\t\t<\/div>\n\t\t<\/div>\n\t\t\t\t<div class=\"elementor-column elementor-col-50 elementor-inner-column elementor-element elementor-element-acde9ca\" data-id=\"acde9ca\" data-element_type=\"column\">\n\t\t\t<div class=\"elementor-widget-wrap elementor-element-populated\">\n\t\t\t\t\t\t<div class=\"elementor-element elementor-element-2c45a8e elementor-widget elementor-widget-image\" data-id=\"2c45a8e\" data-element_type=\"widget\" data-widget_type=\"image.default\">\n\t\t\t\t<div class=\"elementor-widget-container\">\n\t\t\t\t\t\t\t\t\t\t\t\t\t\t\t<img decoding=\"async\" width=\"1280\" height=\"853\" src=\"https:\/\/manitocg.com\/wp-content\/uploads\/2024\/03\/Sherpa-Talleres-.webp\" class=\"attachment-full size-full wp-image-695\" alt=\"\" srcset=\"https:\/\/manitocg.com\/wp-content\/uploads\/2024\/03\/Sherpa-Talleres-.webp 1280w, https:\/\/manitocg.com\/wp-content\/uploads\/2024\/03\/Sherpa-Talleres--300x200.webp 300w, https:\/\/manitocg.com\/wp-content\/uploads\/2024\/03\/Sherpa-Talleres--1024x682.webp 1024w, https:\/\/manitocg.com\/wp-content\/uploads\/2024\/03\/Sherpa-Talleres--768x512.webp 768w\" sizes=\"(max-width: 1280px) 100vw, 1280px\" \/>\t\t\t\t\t\t\t\t\t\t\t\t\t\t\t<\/div>\n\t\t\t\t<\/div>\n\t\t\t\t\t<\/div>\n\t\t<\/div>\n\t\t\t\t\t<\/div>\n\t\t<\/section>\n\t\t\t\t<section class=\"elementor-section elementor-inner-section elementor-element elementor-element-385c292 elementor-section-content-middle elementor-section-boxed elementor-section-height-default elementor-section-height-default\" data-id=\"385c292\" data-element_type=\"section\" data-settings=\"{&quot;background_background&quot;:&quot;classic&quot;}\">\n\t\t\t\t\t\t<div class=\"elementor-container elementor-column-gap-no\">\n\t\t\t\t\t<div class=\"elementor-column elementor-col-50 elementor-inner-column elementor-element elementor-element-7bed9ad\" data-id=\"7bed9ad\" data-element_type=\"column\">\n\t\t\t<div class=\"elementor-widget-wrap elementor-element-populated\">\n\t\t\t\t\t\t<div class=\"elementor-element elementor-element-6e5719e elementor-widget elementor-widget-image\" data-id=\"6e5719e\" data-element_type=\"widget\" data-widget_type=\"image.default\">\n\t\t\t\t<div class=\"elementor-widget-container\">\n\t\t\t\t\t\t\t\t\t\t\t\t\t\t\t<img loading=\"lazy\" decoding=\"async\" width=\"768\" height=\"512\" src=\"https:\/\/manitocg.com\/wp-content\/uploads\/2024\/03\/MG_6257-1-768x512-1-1.jpg\" class=\"attachment-full size-full wp-image-937\" alt=\"\" srcset=\"https:\/\/manitocg.com\/wp-content\/uploads\/2024\/03\/MG_6257-1-768x512-1-1.jpg 768w, https:\/\/manitocg.com\/wp-content\/uploads\/2024\/03\/MG_6257-1-768x512-1-1-300x200.jpg 300w\" sizes=\"(max-width: 768px) 100vw, 768px\" \/>\t\t\t\t\t\t\t\t\t\t\t\t\t\t\t<\/div>\n\t\t\t\t<\/div>\n\t\t\t\t\t<\/div>\n\t\t<\/div>\n\t\t\t\t<div class=\"elementor-column elementor-col-50 elementor-inner-column elementor-element elementor-element-3ad7f18\" data-id=\"3ad7f18\" data-element_type=\"column\">\n\t\t\t<div class=\"elementor-widget-wrap elementor-element-populated\">\n\t\t\t\t\t\t<div class=\"elementor-element elementor-element-3036126 elementor-widget elementor-widget-heading\" data-id=\"3036126\" data-element_type=\"widget\" data-widget_type=\"heading.default\">\n\t\t\t\t<div class=\"elementor-widget-container\">\n\t\t\t\t\t<h6 class=\"elementor-heading-title elementor-size-default\">Estrategia 3.<\/h6>\t\t\t\t<\/div>\n\t\t\t\t<\/div>\n\t\t\t\t<div class=\"elementor-element elementor-element-f731a5f elementor-widget elementor-widget-heading\" data-id=\"f731a5f\" data-element_type=\"widget\" data-widget_type=\"heading.default\">\n\t\t\t\t<div class=\"elementor-widget-container\">\n\t\t\t\t\t<h3 class=\"elementor-heading-title elementor-size-default\">SHERPA PROJECT PERSONAL<\/h3>\t\t\t\t<\/div>\n\t\t\t\t<\/div>\n\t\t\t\t<div class=\"elementor-element elementor-element-e114204 elementor-widget elementor-widget-text-editor\" data-id=\"e114204\" data-element_type=\"widget\" data-widget_type=\"text-editor.default\">\n\t\t\t\t<div class=\"elementor-widget-container\">\n\t\t\t\t\t\t\t\t\t<p>Proceso para aprender a descubrir o caminar hacia tus sue\u00f1os, movido por un <strong>PROP\u00d3SITO PODEROSO<\/strong> desde tus fortalezas, diferente al \u201cdolor\u201d y guiado por tu Sherpa (estratega de sue\u00f1os) en los planos <strong>BIO \u2013 PSICO \u2013 SOCIAL \u2013<\/strong> <strong>ESPIRITUAL<\/strong> de tu persona y entorno. El sue\u00f1o debe traducirse a uno o varios outcomes tangibles, medibles y observables.<\/p>\t\t\t\t\t\t\t\t<\/div>\n\t\t\t\t<\/div>\n\t\t\t\t\t<\/div>\n\t\t<\/div>\n\t\t\t\t\t<\/div>\n\t\t<\/section>\n\t\t\t\t\t<\/div>\n\t\t<\/div>\n\t\t\t\t\t<\/div>\n\t\t<\/section>\n\t\t<div class=\"elementor-element elementor-element-c1e76c0 e-flex e-con-boxed e-con e-parent\" data-id=\"c1e76c0\" data-element_type=\"container\" data-settings=\"{&quot;background_background&quot;:&quot;classic&quot;}\">\n\t\t\t\t\t<div class=\"e-con-inner\">\n\t\t\t\t<div class=\"elementor-element elementor-element-4503467 elementor-widget elementor-widget-tp-heading-animation\" data-id=\"4503467\" data-element_type=\"widget\" data-widget_type=\"tp-heading-animation.default\">\n\t\t\t\t<div class=\"elementor-widget-container\">\n\t\t\t\t\t<style>.heading-animation69e44bed6ba98 .pt-plus-cd-headline.loading-bar .cd-words-wrapper::after{}<\/style><div class=\"pt-plus-heading-animation heading-animation head-anim-style-6  heading-animation69e44bed6ba98\"  ><h1 class=\"pt-plus-cd-headline letters scale\" ><span >Nuestras pilares bajo los cuales se sustentan cient\u00edficamente nuestras estrategias, con las que hemos <\/span><span class=\"cd-words-wrapper style-6\"   ><b  class=\"is-visible \">IMPACTADO<\/b><\/span><span > a miles de colaboradores en organizaciones medianas a grandes de diversas industrias son: <\/span><\/h1><\/div>\t\t\t\t<\/div>\n\t\t\t\t<\/div>\n\t\t\t\t<div class=\"elementor-element elementor-element-1754247 elementor-widget elementor-widget-image\" data-id=\"1754247\" data-element_type=\"widget\" data-widget_type=\"image.default\">\n\t\t\t\t<div class=\"elementor-widget-container\">\n\t\t\t\t\t\t\t\t\t\t\t\t\t\t\t<img loading=\"lazy\" decoding=\"async\" width=\"768\" height=\"235\" src=\"https:\/\/manitocg.com\/wp-content\/uploads\/2024\/03\/pilares-768x235.png.webp\" class=\"attachment-large size-large wp-image-712\" alt=\"\" srcset=\"https:\/\/manitocg.com\/wp-content\/uploads\/2024\/03\/pilares-768x235.png.webp 768w, https:\/\/manitocg.com\/wp-content\/uploads\/2024\/03\/pilares-768x235.png-300x92.webp 300w\" sizes=\"(max-width: 768px) 100vw, 768px\" \/>\t\t\t\t\t\t\t\t\t\t\t\t\t\t\t<\/div>\n\t\t\t\t<\/div>\n\t\t\t\t\t<\/div>\n\t\t\t\t<\/div>\n\t\t\t\t<\/div>\n\t\t","protected":false},"excerpt":{"rendered":"<p>https:\/\/www.youtube.com\/watch?v=n16KFDWw61c El mayor\u00a0DOLOR\u00a0en una organizaci\u00f3n es la\u00a0DESCONEXI\u00d3N\u00a0que se vive entre personas que colaboran bajo una misma organizaci\u00f3n, son altamente desafiadas [&hellip;]<\/p>\n","protected":false},"author":3,"featured_media":0,"parent":0,"menu_order":0,"comment_status":"closed","ping_status":"closed","template":"","meta":{"tpgb_global_settings":"","site-sidebar-layout":"no-sidebar","site-content-layout":"","ast-site-content-layout":"full-width-container","site-content-style":"default","site-sidebar-style":"default","ast-global-header-display":"","ast-banner-title-visibility":"","ast-main-header-display":"","ast-hfb-above-header-display":"","ast-hfb-below-header-display":"","ast-hfb-mobile-header-display":"","site-post-title":"disabled","ast-breadcrumbs-content":"","ast-featured-img":"disabled","footer-sml-layout":"","ast-disable-related-posts":"","theme-transparent-header-meta":"","adv-header-id-meta":"","stick-header-meta":"","header-above-stick-meta":"","header-main-stick-meta":"","header-below-stick-meta":"","astra-migrate-meta-layouts":"default","ast-page-background-enabled":"default","ast-page-background-meta":{"desktop":{"background-color":"var(--ast-global-color-4)","background-image":"","background-repeat":"repeat","background-position":"center center","background-size":"auto","background-attachment":"scroll","background-type":"","background-media":"","overlay-type":"","overlay-color":"","overlay-opacity":"","overlay-gradient":""},"tablet":{"background-color":"","background-image":"","background-repeat":"repeat","background-position":"center center","background-size":"auto","background-attachment":"scroll","background-type":"","background-media":"","overlay-type":"","overlay-color":"","overlay-opacity":"","overlay-gradient":""},"mobile":{"background-color":"","background-image":"","background-repeat":"repeat","background-position":"center center","background-size":"auto","background-attachment":"scroll","background-type":"","background-media":"","overlay-type":"","overlay-color":"","overlay-opacity":"","overlay-gradient":""}},"ast-content-background-meta":{"desktop":{"background-color":"var(--ast-global-color-5)","background-image":"","background-repeat":"repeat","background-position":"center center","background-size":"auto","background-attachment":"scroll","background-type":"","background-media":"","overlay-type":"","overlay-color":"","overlay-opacity":"","overlay-gradient":""},"tablet":{"background-color":"var(--ast-global-color-5)","background-image":"","background-repeat":"repeat","background-position":"center center","background-size":"auto","background-attachment":"scroll","background-type":"","background-media":"","overlay-type":"","overlay-color":"","overlay-opacity":"","overlay-gradient":""},"mobile":{"background-color":"var(--ast-global-color-5)","background-image":"","background-repeat":"repeat","background-position":"center center","background-size":"auto","background-attachment":"scroll","background-type":"","background-media":"","overlay-type":"","overlay-color":"","overlay-opacity":"","overlay-gradient":""}},"footnotes":""},"class_list":["post-665","page","type-page","status-publish","hentry"],"tpgb_featured_images":null,"tpgb_post_meta_info":{"get_date":"marzo 8, 2024","get_modified_date":"diciembre 22, 2025","author_name":"David Mu\u00f1oz","author_url":"https:\/\/manitocg.com\/index.php\/author\/pluginpress\/","author_email":"david@manitocg.com","author_website":"","author_description":"","author_facebook":"","author_twitter":"","author_instagram":"","author_role":["administrator"],"author_firstname":"David","author_lastname":"Mu\u00f1oz","user_login":"pluginpress","author_avatar":"<img alt='' src='https:\/\/secure.gravatar.com\/avatar\/bf7b2fcfc24d76ed9c28bf677e2fe12b32226f5660ca5ab49944bd8081686068?s=200&#038;d=mm&#038;r=g' srcset='https:\/\/secure.gravatar.com\/avatar\/bf7b2fcfc24d76ed9c28bf677e2fe12b32226f5660ca5ab49944bd8081686068?s=400&#038;d=mm&#038;r=g 2x' class='avatar avatar-200 photo' height='200' width='200' decoding='async'\/>","author_avatar_url":"https:\/\/secure.gravatar.com\/avatar\/bf7b2fcfc24d76ed9c28bf677e2fe12b32226f5660ca5ab49944bd8081686068?s=96&d=mm&r=g","comment_count":0,"post_likes":0,"post_views":0},"tpgb_post_category":[],"_links":{"self":[{"href":"https:\/\/manitocg.com\/index.php\/wp-json\/wp\/v2\/pages\/665","targetHints":{"allow":["GET"]}}],"collection":[{"href":"https:\/\/manitocg.com\/index.php\/wp-json\/wp\/v2\/pages"}],"about":[{"href":"https:\/\/manitocg.com\/index.php\/wp-json\/wp\/v2\/types\/page"}],"author":[{"embeddable":true,"href":"https:\/\/manitocg.com\/index.php\/wp-json\/wp\/v2\/users\/3"}],"replies":[{"embeddable":true,"href":"https:\/\/manitocg.com\/index.php\/wp-json\/wp\/v2\/comments?post=665"}],"version-history":[{"count":211,"href":"https:\/\/manitocg.com\/index.php\/wp-json\/wp\/v2\/pages\/665\/revisions"}],"predecessor-version":[{"id":1454,"href":"https:\/\/manitocg.com\/index.php\/wp-json\/wp\/v2\/pages\/665\/revisions\/1454"}],"wp:attachment":[{"href":"https:\/\/manitocg.com\/index.php\/wp-json\/wp\/v2\/media?parent=665"}],"curies":[{"name":"wp","href":"https:\/\/api.w.org\/{rel}","templated":true}]}}